{"id":64,"date":"2026-05-05T07:49:36","date_gmt":"2026-05-05T07:49:36","guid":{"rendered":"https:\/\/gcondal.santcugatesn.com\/wordpress_X\/?page_id=64"},"modified":"2026-05-05T07:49:43","modified_gmt":"2026-05-05T07:49:43","slug":"elaboracion","status":"publish","type":"page","link":"https:\/\/staging.gcondal.santcugatesn.com\/index.php\/elaboracion\/","title":{"rendered":"ELAboraci\u00f3n"},"content":{"rendered":"\n<p class=\"has-text-align-center\"><strong>Donde la tradici\u00f3n escocesa encuentra el alma de Barcelona.<\/strong><\/p>\n\n\n\n<div class=\"wp-block-cover\" style=\"min-height:429px;aspect-ratio:unset;\"><img loading=\"lazy\" decoding=\"async\" width=\"1024\" height=\"379\" class=\"wp-block-cover__image-background wp-image-66\" alt=\"\" src=\"https:\/\/staging.gcondal.santcugatesn.com\/wp-content\/uploads\/2026\/05\/Gemini_Generated_Image_j2a482j2a482j2a4-1024x379.png\" data-object-fit=\"cover\" srcset=\"https:\/\/staging.gcondal.santcugatesn.com\/wp-content\/uploads\/2026\/05\/Gemini_Generated_Image_j2a482j2a482j2a4-1024x379.png 1024w, https:\/\/staging.gcondal.santcugatesn.com\/wp-content\/uploads\/2026\/05\/Gemini_Generated_Image_j2a482j2a482j2a4-300x111.png 300w, https:\/\/staging.gcondal.santcugatesn.com\/wp-content\/uploads\/2026\/05\/Gemini_Generated_Image_j2a482j2a482j2a4-768x285.png 768w, https:\/\/staging.gcondal.santcugatesn.com\/wp-content\/uploads\/2026\/05\/Gemini_Generated_Image_j2a482j2a482j2a4-1536x569.png 1536w, https:\/\/staging.gcondal.santcugatesn.com\/wp-content\/uploads\/2026\/05\/Gemini_Generated_Image_j2a482j2a482j2a4-600x222.png 600w, https:\/\/staging.gcondal.santcugatesn.com\/wp-content\/uploads\/2026\/05\/Gemini_Generated_Image_j2a482j2a482j2a4.png 1584w\" sizes=\"auto, (max-width: 1024px) 100vw, 1024px\" \/><span aria-hidden=\"true\" class=\"wp-block-cover__background has-background-dim\"><\/span><div class=\"wp-block-cover__inner-container is-layout-flow wp-block-cover-is-layout-flow\">\n<h2 class=\"wp-block-heading is-style-text-genre is-style-text-genre--1\"><em>  No fabricamos whisky, lo cultivamos. Cada gota de Condal&#8217;s es el resultado de un viaje que empieza en el grano y termina en la excelencia de una copa.<\/em><\/h2>\n<\/div><\/div>\n\n\n\n<figure class=\"wp-block-table\"><table class=\"has-fixed-layout\"><thead><tr><td><strong>Origen Puro<\/strong><\/td><td><strong>Destilaci\u00f3n Lenta<\/strong><\/td><td><strong> El Secreto del Roble<\/strong><\/td><\/tr><\/thead><tbody><tr><td>Seleccionamos cebada malteada de m\u00e1xima pureza y agua de manantial para crear una base noble y equilibrada.<\/td><td>Alambiques de cobre y fuego controlado. El \u00abcorte\u00bb del destilado se hace a mano, buscando solo el coraz\u00f3n m\u00e1s fino.<\/td><td>Envejecido en roble americano y finalizado en barricas de Pedro Xim\u00e9nez para un dulzor sofisticado.<\/td><\/tr><\/tbody><\/table><\/figure>\n\n\n\n<div class=\"wp-block-cover\"><img loading=\"lazy\" decoding=\"async\" width=\"1024\" height=\"377\" class=\"wp-block-cover__image-background wp-image-67\" alt=\"\" src=\"https:\/\/staging.gcondal.santcugatesn.com\/wp-content\/uploads\/2026\/05\/Gemini_Generated_Image_jq0f8rjq0f8rjq0f-1024x377.png\" data-object-fit=\"cover\" srcset=\"https:\/\/staging.gcondal.santcugatesn.com\/wp-content\/uploads\/2026\/05\/Gemini_Generated_Image_jq0f8rjq0f8rjq0f-1024x377.png 1024w, https:\/\/staging.gcondal.santcugatesn.com\/wp-content\/uploads\/2026\/05\/Gemini_Generated_Image_jq0f8rjq0f8rjq0f-300x110.png 300w, https:\/\/staging.gcondal.santcugatesn.com\/wp-content\/uploads\/2026\/05\/Gemini_Generated_Image_jq0f8rjq0f8rjq0f-768x283.png 768w, https:\/\/staging.gcondal.santcugatesn.com\/wp-content\/uploads\/2026\/05\/Gemini_Generated_Image_jq0f8rjq0f8rjq0f-1536x565.png 1536w, https:\/\/staging.gcondal.santcugatesn.com\/wp-content\/uploads\/2026\/05\/Gemini_Generated_Image_jq0f8rjq0f8rjq0f-600x221.png 600w, https:\/\/staging.gcondal.santcugatesn.com\/wp-content\/uploads\/2026\/05\/Gemini_Generated_Image_jq0f8rjq0f8rjq0f.png 1584w\" sizes=\"auto, (max-width: 1024px) 100vw, 1024px\" \/><span aria-hidden=\"true\" class=\"wp-block-cover__background has-background-dim\"><\/span><div class=\"wp-block-cover__inner-container is-layout-flow wp-block-cover-is-layout-flow\">\n<h2 class=\"wp-block-heading has-text-align-center is-style-text-summary has-large-font-size is-style-text-summary--2\"><em>Nuestro maestro destilador supervisa personalmente el embotellado. En el caso de nuestra edici\u00f3n de 30 a\u00f1os, el tiempo no es un obst\u00e1culo, sino nuestro mejor ingrediente. Cada botella es numerada y etiquetada como la pieza de arte que es.<\/em><\/h2>\n<\/div><\/div>\n","protected":false},"excerpt":{"rendered":"<p>Donde la tradici\u00f3n escocesa encuentra el alma de Barcelona. Origen Puro Destilaci\u00f3n Lenta El Secreto del Roble Seleccionamos cebada malteada de m\u00e1xima pureza y agua de manantial para crear una [&hellip;]<\/p>\n","protected":false},"author":1,"featured_media":0,"parent":0,"menu_order":0,"comment_status":"closed","ping_status":"closed","template":"","meta":{"footnotes":""},"class_list":["post-64","page","type-page","status-publish","hentry"],"yoast_head":"<!-- This site is optimized with the Yoast SEO plugin v27.1.1 - https:\/\/yoast.com\/product\/yoast-seo-wordpress\/ -->\n<title>ELAboraci\u00f3n - Condal&#039;s<\/title>\n<meta name=\"robots\" content=\"noindex, follow, max-snippet:-1, max-image-preview:large, max-video-preview:-1\" \/>\n<meta property=\"og:locale\" content=\"es_ES\" \/>\n<meta property=\"og:type\" content=\"article\" \/>\n<meta property=\"og:title\" content=\"ELAboraci\u00f3n - Condal&#039;s\" \/>\n<meta property=\"og:description\" content=\"Donde la tradici\u00f3n escocesa encuentra el alma de Barcelona. Origen Puro Destilaci\u00f3n Lenta El Secreto del Roble Seleccionamos cebada malteada de m\u00e1xima pureza y agua de manantial para crear una [&hellip;]\" \/>\n<meta property=\"og:url\" content=\"https:\/\/staging.gcondal.santcugatesn.com\/index.php\/elaboracion\/\" \/>\n<meta property=\"og:site_name\" content=\"Condal&#039;s\" \/>\n<meta property=\"article:modified_time\" content=\"2026-05-05T07:49:43+00:00\" \/>\n<meta property=\"og:image\" content=\"https:\/\/staging.gcondal.santcugatesn.com\/wp-content\/uploads\/2026\/05\/Gemini_Generated_Image_j2a482j2a482j2a4.png\" \/>\n\t<meta property=\"og:image:width\" content=\"1584\" \/>\n\t<meta property=\"og:image:height\" content=\"587\" \/>\n\t<meta property=\"og:image:type\" content=\"image\/png\" \/>\n<meta name=\"twitter:card\" content=\"summary_large_image\" \/>\n<meta name=\"twitter:label1\" content=\"Tiempo de lectura\" \/>\n\t<meta name=\"twitter:data1\" content=\"2 minutos\" \/>\n<script type=\"application\/ld+json\" class=\"yoast-schema-graph\">{\"@context\":\"https:\/\/schema.org\",\"@graph\":[{\"@type\":\"WebPage\",\"@id\":\"https:\/\/staging.gcondal.santcugatesn.com\/index.php\/elaboracion\/\",\"url\":\"https:\/\/staging.gcondal.santcugatesn.com\/index.php\/elaboracion\/\",\"name\":\"ELAboraci\u00f3n - Condal&#039;s\",\"isPartOf\":{\"@id\":\"https:\/\/staging.gcondal.santcugatesn.com\/#website\"},\"primaryImageOfPage\":{\"@id\":\"https:\/\/staging.gcondal.santcugatesn.com\/index.php\/elaboracion\/#primaryimage\"},\"image\":{\"@id\":\"https:\/\/staging.gcondal.santcugatesn.com\/index.php\/elaboracion\/#primaryimage\"},\"thumbnailUrl\":\"https:\/\/staging.gcondal.santcugatesn.com\/wp-content\/uploads\/2026\/05\/Gemini_Generated_Image_j2a482j2a482j2a4-1024x379.png\",\"datePublished\":\"2026-05-05T07:49:36+00:00\",\"dateModified\":\"2026-05-05T07:49:43+00:00\",\"breadcrumb\":{\"@id\":\"https:\/\/staging.gcondal.santcugatesn.com\/index.php\/elaboracion\/#breadcrumb\"},\"inLanguage\":\"es\",\"potentialAction\":[{\"@type\":\"ReadAction\",\"target\":[\"https:\/\/staging.gcondal.santcugatesn.com\/index.php\/elaboracion\/\"]}]},{\"@type\":\"ImageObject\",\"inLanguage\":\"es\",\"@id\":\"https:\/\/staging.gcondal.santcugatesn.com\/index.php\/elaboracion\/#primaryimage\",\"url\":\"https:\/\/staging.gcondal.santcugatesn.com\/wp-content\/uploads\/2026\/05\/Gemini_Generated_Image_j2a482j2a482j2a4.png\",\"contentUrl\":\"https:\/\/staging.gcondal.santcugatesn.com\/wp-content\/uploads\/2026\/05\/Gemini_Generated_Image_j2a482j2a482j2a4.png\",\"width\":1584,\"height\":587},{\"@type\":\"BreadcrumbList\",\"@id\":\"https:\/\/staging.gcondal.santcugatesn.com\/index.php\/elaboracion\/#breadcrumb\",\"itemListElement\":[{\"@type\":\"ListItem\",\"position\":1,\"name\":\"Portada\",\"item\":\"https:\/\/staging.gcondal.santcugatesn.com\/\"},{\"@type\":\"ListItem\",\"position\":2,\"name\":\"ELAboraci\u00f3n\"}]},{\"@type\":\"WebSite\",\"@id\":\"https:\/\/staging.gcondal.santcugatesn.com\/#website\",\"url\":\"https:\/\/staging.gcondal.santcugatesn.com\/\",\"name\":\"Condal&#039;s\",\"description\":\"\",\"potentialAction\":[{\"@type\":\"SearchAction\",\"target\":{\"@type\":\"EntryPoint\",\"urlTemplate\":\"https:\/\/staging.gcondal.santcugatesn.com\/?s={search_term_string}\"},\"query-input\":{\"@type\":\"PropertyValueSpecification\",\"valueRequired\":true,\"valueName\":\"search_term_string\"}}],\"inLanguage\":\"es\"}]}<\/script>\n<!-- \/ Yoast SEO plugin. -->","yoast_head_json":{"title":"ELAboraci\u00f3n - Condal&#039;s","robots":{"index":"noindex","follow":"follow","max-snippet":"max-snippet:-1","max-image-preview":"max-image-preview:large","max-video-preview":"max-video-preview:-1"},"og_locale":"es_ES","og_type":"article","og_title":"ELAboraci\u00f3n - Condal&#039;s","og_description":"Donde la tradici\u00f3n escocesa encuentra el alma de Barcelona. Origen Puro Destilaci\u00f3n Lenta El Secreto del Roble Seleccionamos cebada malteada de m\u00e1xima pureza y agua de manantial para crear una [&hellip;]","og_url":"https:\/\/staging.gcondal.santcugatesn.com\/index.php\/elaboracion\/","og_site_name":"Condal&#039;s","article_modified_time":"2026-05-05T07:49:43+00:00","og_image":[{"width":1584,"height":587,"url":"https:\/\/staging.gcondal.santcugatesn.com\/wp-content\/uploads\/2026\/05\/Gemini_Generated_Image_j2a482j2a482j2a4.png","type":"image\/png"}],"twitter_card":"summary_large_image","twitter_misc":{"Tiempo de lectura":"2 minutos"},"schema":{"@context":"https:\/\/schema.org","@graph":[{"@type":"WebPage","@id":"https:\/\/staging.gcondal.santcugatesn.com\/index.php\/elaboracion\/","url":"https:\/\/staging.gcondal.santcugatesn.com\/index.php\/elaboracion\/","name":"ELAboraci\u00f3n - Condal&#039;s","isPartOf":{"@id":"https:\/\/staging.gcondal.santcugatesn.com\/#website"},"primaryImageOfPage":{"@id":"https:\/\/staging.gcondal.santcugatesn.com\/index.php\/elaboracion\/#primaryimage"},"image":{"@id":"https:\/\/staging.gcondal.santcugatesn.com\/index.php\/elaboracion\/#primaryimage"},"thumbnailUrl":"https:\/\/staging.gcondal.santcugatesn.com\/wp-content\/uploads\/2026\/05\/Gemini_Generated_Image_j2a482j2a482j2a4-1024x379.png","datePublished":"2026-05-05T07:49:36+00:00","dateModified":"2026-05-05T07:49:43+00:00","breadcrumb":{"@id":"https:\/\/staging.gcondal.santcugatesn.com\/index.php\/elaboracion\/#breadcrumb"},"inLanguage":"es","potentialAction":[{"@type":"ReadAction","target":["https:\/\/staging.gcondal.santcugatesn.com\/index.php\/elaboracion\/"]}]},{"@type":"ImageObject","inLanguage":"es","@id":"https:\/\/staging.gcondal.santcugatesn.com\/index.php\/elaboracion\/#primaryimage","url":"https:\/\/staging.gcondal.santcugatesn.com\/wp-content\/uploads\/2026\/05\/Gemini_Generated_Image_j2a482j2a482j2a4.png","contentUrl":"https:\/\/staging.gcondal.santcugatesn.com\/wp-content\/uploads\/2026\/05\/Gemini_Generated_Image_j2a482j2a482j2a4.png","width":1584,"height":587},{"@type":"BreadcrumbList","@id":"https:\/\/staging.gcondal.santcugatesn.com\/index.php\/elaboracion\/#breadcrumb","itemListElement":[{"@type":"ListItem","position":1,"name":"Portada","item":"https:\/\/staging.gcondal.santcugatesn.com\/"},{"@type":"ListItem","position":2,"name":"ELAboraci\u00f3n"}]},{"@type":"WebSite","@id":"https:\/\/staging.gcondal.santcugatesn.com\/#website","url":"https:\/\/staging.gcondal.santcugatesn.com\/","name":"Condal&#039;s","description":"","potentialAction":[{"@type":"SearchAction","target":{"@type":"EntryPoint","urlTemplate":"https:\/\/staging.gcondal.santcugatesn.com\/?s={search_term_string}"},"query-input":{"@type":"PropertyValueSpecification","valueRequired":true,"valueName":"search_term_string"}}],"inLanguage":"es"}]}},"_links":{"self":[{"href":"https:\/\/staging.gcondal.santcugatesn.com\/index.php\/wp-json\/wp\/v2\/pages\/64","targetHints":{"allow":["GET"]}}],"collection":[{"href":"https:\/\/staging.gcondal.santcugatesn.com\/index.php\/wp-json\/wp\/v2\/pages"}],"about":[{"href":"https:\/\/staging.gcondal.santcugatesn.com\/index.php\/wp-json\/wp\/v2\/types\/page"}],"author":[{"embeddable":true,"href":"https:\/\/staging.gcondal.santcugatesn.com\/index.php\/wp-json\/wp\/v2\/users\/1"}],"replies":[{"embeddable":true,"href":"https:\/\/staging.gcondal.santcugatesn.com\/index.php\/wp-json\/wp\/v2\/comments?post=64"}],"version-history":[{"count":1,"href":"https:\/\/staging.gcondal.santcugatesn.com\/index.php\/wp-json\/wp\/v2\/pages\/64\/revisions"}],"predecessor-version":[{"id":68,"href":"https:\/\/staging.gcondal.santcugatesn.com\/index.php\/wp-json\/wp\/v2\/pages\/64\/revisions\/68"}],"wp:attachment":[{"href":"https:\/\/staging.gcondal.santcugatesn.com\/index.php\/wp-json\/wp\/v2\/media?parent=64"}],"curies":[{"name":"wp","href":"https:\/\/api.w.org\/{rel}","templated":true}]}}